{"id":12,"date":"2024-12-17T10:45:31","date_gmt":"2024-12-17T09:45:31","guid":{"rendered":"http:\/\/alcolombianapro.com\/?page_id=12"},"modified":"2025-01-15T00:09:54","modified_gmt":"2025-01-14T23:09:54","slug":"presentation","status":"publish","type":"page","link":"https:\/\/alcolombianapro.com\/?page_id=12","title":{"rendered":"Pr\u00e9sentation"},"content":{"rendered":"\n<p class=\"has-vivid-purple-color has-text-color has-link-color wp-elements-c4be0a46eb3b32f9287e638a08c60f04\">Andr\u00e9a Louchet Acosta est une proth\u00e9siste ongulaire Colombienne, sp\u00e9cialis\u00e9e dans l&rsquo;art et le soin des ongles. Avec un \u0153il attentif pour le d\u00e9tail et une passion pour la beaut\u00e9, elle transforme les ongles ordinaires en v\u00e9ritables \u0153uvres d&rsquo;art. Utilisant des techniques vari\u00e9es comme le gel, la r\u00e9sine et le vernis semi-permanent, Andr\u00e9a cr\u00e9e des designs uniques et personnalis\u00e9s pour chaque client. Sa capacit\u00e9 \u00e0 suivre les tendances actuelles tout en respectant les pr\u00e9f\u00e9rences individuelles fait d&rsquo;elle une professionnelle recherch\u00e9e dans son domaine. Que ce soit pour une occasion sp\u00e9ciale ou pour un entretien r\u00e9gulier, Andr\u00e9a s&rsquo;engage \u00e0 offrir un service de qualit\u00e9 sup\u00e9rieure, alliant esth\u00e9tique et durabilit\u00e9.<\/p>\n\n\n\n<figure class=\"wp-block-gallery has-nested-images columns-default is-cropped wp-block-gallery-1 is-layout-flex wp-block-gallery-is-layout-flex\">\n<figure class=\"wp-block-image size-large\"><img loading=\"lazy\" decoding=\"async\" width=\"498\" height=\"1024\" data-id=\"71\" src=\"https:\/\/alcolombianapro.com\/wp-content\/uploads\/2025\/01\/03d2a883-e191-4c48-b25b-73b8b3a91f9b-3-498x1024.jpg\" alt=\"\" class=\"wp-image-71\" srcset=\"https:\/\/alcolombianapro.com\/wp-content\/uploads\/2025\/01\/03d2a883-e191-4c48-b25b-73b8b3a91f9b-3-498x1024.jpg 498w, https:\/\/alcolombianapro.com\/wp-content\/uploads\/2025\/01\/03d2a883-e191-4c48-b25b-73b8b3a91f9b-3-146x300.jpg 146w, https:\/\/alcolombianapro.com\/wp-content\/uploads\/2025\/01\/03d2a883-e191-4c48-b25b-73b8b3a91f9b-3-768x1581.jpg 768w, https:\/\/alcolombianapro.com\/wp-content\/uploads\/2025\/01\/03d2a883-e191-4c48-b25b-73b8b3a91f9b-3-746x1536.jpg 746w, https:\/\/alcolombianapro.com\/wp-content\/uploads\/2025\/01\/03d2a883-e191-4c48-b25b-73b8b3a91f9b-3.jpg 995w\" sizes=\"auto, (max-width: 498px) 100vw, 498px\" \/><\/figure>\n\n\n\n<figure class=\"wp-block-image size-large\"><img loading=\"lazy\" decoding=\"async\" width=\"724\" height=\"1024\" data-id=\"65\" src=\"https:\/\/alcolombianapro.com\/wp-content\/uploads\/2025\/01\/Prestations-10-ongles-1-ongle-Pose-de-capsule-Gel-et-Resine-45E-5E-Faconnage-Gel-et-Resine-55E-5E-Kapping-40E-5E-Capsules-Americaines-45E-5E-Dipping-System-35E-5E-French-permanent-gel-10E-1E-Gel-d-724x1024.png\" alt=\"\" class=\"wp-image-65\" srcset=\"https:\/\/alcolombianapro.com\/wp-content\/uploads\/2025\/01\/Prestations-10-ongles-1-ongle-Pose-de-capsule-Gel-et-Resine-45E-5E-Faconnage-Gel-et-Resine-55E-5E-Kapping-40E-5E-Capsules-Americaines-45E-5E-Dipping-System-35E-5E-French-permanent-gel-10E-1E-Gel-d-724x1024.png 724w, https:\/\/alcolombianapro.com\/wp-content\/uploads\/2025\/01\/Prestations-10-ongles-1-ongle-Pose-de-capsule-Gel-et-Resine-45E-5E-Faconnage-Gel-et-Resine-55E-5E-Kapping-40E-5E-Capsules-Americaines-45E-5E-Dipping-System-35E-5E-French-permanent-gel-10E-1E-Gel-d-212x300.png 212w, https:\/\/alcolombianapro.com\/wp-content\/uploads\/2025\/01\/Prestations-10-ongles-1-ongle-Pose-de-capsule-Gel-et-Resine-45E-5E-Faconnage-Gel-et-Resine-55E-5E-Kapping-40E-5E-Capsules-Americaines-45E-5E-Dipping-System-35E-5E-French-permanent-gel-10E-1E-Gel-d-768x1086.png 768w, https:\/\/alcolombianapro.com\/wp-content\/uploads\/2025\/01\/Prestations-10-ongles-1-ongle-Pose-de-capsule-Gel-et-Resine-45E-5E-Faconnage-Gel-et-Resine-55E-5E-Kapping-40E-5E-Capsules-Americaines-45E-5E-Dipping-System-35E-5E-French-permanent-gel-10E-1E-Gel-d-1086x1536.png 1086w, https:\/\/alcolombianapro.com\/wp-content\/uploads\/2025\/01\/Prestations-10-ongles-1-ongle-Pose-de-capsule-Gel-et-Resine-45E-5E-Faconnage-Gel-et-Resine-55E-5E-Kapping-40E-5E-Capsules-Americaines-45E-5E-Dipping-System-35E-5E-French-permanent-gel-10E-1E-Gel-d.png 1414w\" sizes=\"auto, (max-width: 724px) 100vw, 724px\" \/><\/figure>\n<\/figure>\n\n\n<div class=\"wp-block-image\">\n<figure class=\"aligncenter size-large\"><img loading=\"lazy\" decoding=\"async\" width=\"1024\" height=\"707\" src=\"https:\/\/alcolombianapro.com\/wp-content\/uploads\/2025\/01\/470215989_122101172108681353_5410461194477195490_n-1024x707.jpg\" alt=\"\" class=\"wp-image-169\" srcset=\"https:\/\/alcolombianapro.com\/wp-content\/uploads\/2025\/01\/470215989_122101172108681353_5410461194477195490_n-1024x707.jpg 1024w, https:\/\/alcolombianapro.com\/wp-content\/uploads\/2025\/01\/470215989_122101172108681353_5410461194477195490_n-300x207.jpg 300w, https:\/\/alcolombianapro.com\/wp-content\/uploads\/2025\/01\/470215989_122101172108681353_5410461194477195490_n-768x530.jpg 768w, https:\/\/alcolombianapro.com\/wp-content\/uploads\/2025\/01\/470215989_122101172108681353_5410461194477195490_n-1536x1061.jpg 1536w, https:\/\/alcolombianapro.com\/wp-content\/uploads\/2025\/01\/470215989_122101172108681353_5410461194477195490_n.jpg 1946w\" sizes=\"auto, (max-width: 1024px) 100vw, 1024px\" \/><\/figure>\n<\/div>","protected":false},"excerpt":{"rendered":"<p>Andr\u00e9a Louchet Acosta est une proth\u00e9siste ongulaire Colombienne, sp\u00e9cialis\u00e9e dans l&rsquo;art et le soin des ongles. Avec un \u0153il attentif pour le d\u00e9tail et une passion pour la beaut\u00e9, elle transforme les ongles ordinaires en v\u00e9ritables \u0153uvres d&rsquo;art. Utilisant des techniques vari\u00e9es comme le gel, la r\u00e9sine et le vernis semi-permanent, Andr\u00e9a cr\u00e9e des designs [&hellip;]<\/p>\n","protected":false},"author":1,"featured_media":91,"parent":0,"menu_order":0,"comment_status":"closed","ping_status":"closed","template":"","meta":{"footnotes":""},"class_list":["post-12","page","type-page","status-publish","has-post-thumbnail","hentry"],"_links":{"self":[{"href":"https:\/\/alcolombianapro.com\/index.php?rest_route=\/wp\/v2\/pages\/12","targetHints":{"allow":["GET"]}}],"collection":[{"href":"https:\/\/alcolombianapro.com\/index.php?rest_route=\/wp\/v2\/pages"}],"about":[{"href":"https:\/\/alcolombianapro.com\/index.php?rest_route=\/wp\/v2\/types\/page"}],"author":[{"embeddable":true,"href":"https:\/\/alcolombianapro.com\/index.php?rest_route=\/wp\/v2\/users\/1"}],"replies":[{"embeddable":true,"href":"https:\/\/alcolombianapro.com\/index.php?rest_route=%2Fwp%2Fv2%2Fcomments&post=12"}],"version-history":[{"count":9,"href":"https:\/\/alcolombianapro.com\/index.php?rest_route=\/wp\/v2\/pages\/12\/revisions"}],"predecessor-version":[{"id":171,"href":"https:\/\/alcolombianapro.com\/index.php?rest_route=\/wp\/v2\/pages\/12\/revisions\/171"}],"wp:featuredmedia":[{"embeddable":true,"href":"https:\/\/alcolombianapro.com\/index.php?rest_route=\/wp\/v2\/media\/91"}],"wp:attachment":[{"href":"https:\/\/alcolombianapro.com\/index.php?rest_route=%2Fwp%2Fv2%2Fmedia&parent=12"}],"curies":[{"name":"wp","href":"https:\/\/api.w.org\/{rel}","templated":true}]}}